{"id":992,"date":"2025-12-09T22:56:00","date_gmt":"2025-12-09T21:56:00","guid":{"rendered":"https:\/\/www.werkzeugmaschinen-stefan.com\/?post_type=product&#038;p=992"},"modified":"2025-12-09T22:56:00","modified_gmt":"2025-12-09T21:56:00","slug":"sinusschraubstoecke","status":"publish","type":"product","link":"https:\/\/www.werkzeugmaschinen-stefan.com\/?product=sinusschraubstoecke","title":{"rendered":"Sinusschraubst\u00f6cke"},"content":{"rendered":"","protected":false},"excerpt":{"rendered":"<p>diverse Sinusschraubst\u00f6cke 80 mm und Sinusschraubst\u00f6cke mit Schnellverstellung<\/p>\n","protected":false},"featured_media":993,"template":"","meta":[],"product_brand":[],"product_cat":[46],"product_tag":[98,154,155],"class_list":{"0":"post-992","1":"product","2":"type-product","3":"status-publish","4":"has-post-thumbnail","6":"product_cat-zubehoer","7":"product_tag-schraubstock","8":"product_tag-schraubstoecke","9":"product_tag-sinusschraubstock","11":"first","12":"instock","13":"shipping-taxable","14":"product-type-simple"},"_links":{"self":[{"href":"https:\/\/www.werkzeugmaschinen-stefan.com\/index.php?rest_route=\/wp\/v2\/product\/992","targetHints":{"allow":["GET"]}}],"collection":[{"href":"https:\/\/www.werkzeugmaschinen-stefan.com\/index.php?rest_route=\/wp\/v2\/product"}],"about":[{"href":"https:\/\/www.werkzeugmaschinen-stefan.com\/index.php?rest_route=\/wp\/v2\/types\/product"}],"wp:featuredmedia":[{"embeddable":true,"href":"https:\/\/www.werkzeugmaschinen-stefan.com\/index.php?rest_route=\/wp\/v2\/media\/993"}],"wp:attachment":[{"href":"https:\/\/www.werkzeugmaschinen-stefan.com\/index.php?rest_route=%2Fwp%2Fv2%2Fmedia&parent=992"}],"wp:term":[{"taxonomy":"product_brand","embeddable":true,"href":"https:\/\/www.werkzeugmaschinen-stefan.com\/index.php?rest_route=%2Fwp%2Fv2%2Fproduct_brand&post=992"},{"taxonomy":"product_cat","embeddable":true,"href":"https:\/\/www.werkzeugmaschinen-stefan.com\/index.php?rest_route=%2Fwp%2Fv2%2Fproduct_cat&post=992"},{"taxonomy":"product_tag","embeddable":true,"href":"https:\/\/www.werkzeugmaschinen-stefan.com\/index.php?rest_route=%2Fwp%2Fv2%2Fproduct_tag&post=992"}],"curies":[{"name":"wp","href":"https:\/\/api.w.org\/{rel}","templated":true}]}}