{"id":961,"date":"2025-12-09T22:21:44","date_gmt":"2025-12-09T21:21:44","guid":{"rendered":"https:\/\/www.werkzeugmaschinen-stefan.com\/?post_type=product&#038;p=961"},"modified":"2025-12-09T22:22:24","modified_gmt":"2025-12-09T21:22:24","slug":"abwaelzfraeser-2","status":"publish","type":"product","link":"https:\/\/www.werkzeugmaschinen-stefan.com\/?product=abwaelzfraeser-2","title":{"rendered":"Abw\u00e4lzfr\u00e4ser"},"content":{"rendered":"","protected":false},"excerpt":{"rendered":"<p>Abw\u00e4lzfr\u00e4ser Modul 0,3 -Modul 5<\/p>\n","protected":false},"featured_media":962,"template":"","meta":[],"product_brand":[],"product_cat":[46],"product_tag":[69],"class_list":{"0":"post-961","1":"product","2":"type-product","3":"status-publish","4":"has-post-thumbnail","6":"product_cat-zubehoer","7":"product_tag-abwaelzfraeser","9":"first","10":"instock","11":"shipping-taxable","12":"product-type-simple"},"_links":{"self":[{"href":"https:\/\/www.werkzeugmaschinen-stefan.com\/index.php?rest_route=\/wp\/v2\/product\/961","targetHints":{"allow":["GET"]}}],"collection":[{"href":"https:\/\/www.werkzeugmaschinen-stefan.com\/index.php?rest_route=\/wp\/v2\/product"}],"about":[{"href":"https:\/\/www.werkzeugmaschinen-stefan.com\/index.php?rest_route=\/wp\/v2\/types\/product"}],"wp:featuredmedia":[{"embeddable":true,"href":"https:\/\/www.werkzeugmaschinen-stefan.com\/index.php?rest_route=\/wp\/v2\/media\/962"}],"wp:attachment":[{"href":"https:\/\/www.werkzeugmaschinen-stefan.com\/index.php?rest_route=%2Fwp%2Fv2%2Fmedia&parent=961"}],"wp:term":[{"taxonomy":"product_brand","embeddable":true,"href":"https:\/\/www.werkzeugmaschinen-stefan.com\/index.php?rest_route=%2Fwp%2Fv2%2Fproduct_brand&post=961"},{"taxonomy":"product_cat","embeddable":true,"href":"https:\/\/www.werkzeugmaschinen-stefan.com\/index.php?rest_route=%2Fwp%2Fv2%2Fproduct_cat&post=961"},{"taxonomy":"product_tag","embeddable":true,"href":"https:\/\/www.werkzeugmaschinen-stefan.com\/index.php?rest_route=%2Fwp%2Fv2%2Fproduct_tag&post=961"}],"curies":[{"name":"wp","href":"https:\/\/api.w.org\/{rel}","templated":true}]}}