{"id":555,"date":"2024-09-22T19:41:27","date_gmt":"2024-09-22T19:41:27","guid":{"rendered":"https:\/\/www.werkzeugmaschinen-stefan.com\/WordPress\/?post_type=product&#038;p=555"},"modified":"2024-10-25T20:37:00","modified_gmt":"2024-10-25T19:37:00","slug":"raeumnadeln","status":"publish","type":"product","link":"https:\/\/www.werkzeugmaschinen-stefan.com\/?product=raeumnadeln","title":{"rendered":"R\u00e4umnadeln"},"content":{"rendered":"","protected":false},"excerpt":{"rendered":"<p>1 Zugr\u00e4umnadel Nb4P8 L\u00e4nge 60<br \/>\n1 Zugr\u00e4umnadel 5 L\u00e4nge 70<br \/>\n1 Zugr\u00e4umnadel 6P8 L\u00e4nge 77<br \/>\n1 Zugr\u00e4umnadel 8P8 L\u00e4nge 102<br \/>\n1 Zugr\u00e4umnadel 10P8 L\u00e4nge 105<br \/>\n1 Zugr\u00e4umnadel 14P8 L\u00e4nge 105<br \/>\n1 Zugr\u00e4umnadel 16P8 L\u00e4nge 105<br \/>\n1 Zugr\u00e4umnadel 18P8 L\u00e4nge 105<br \/>\n1 Zugr\u00e4umnadel 14P8 x2,5 L\u00e4nge 125<br \/>\n1 Zugr\u00e4umnadel 14P9 x5,2 L\u00e4nge 125<br \/>\n1 Zugr\u00e4umnadel 12P9 x4,5 L\u00e4nge 125<br \/>\n1 Zugr\u00e4umnadel 12P9 x2,3 L\u00e4nge 125<br \/>\n1 Zugr\u00e4umnadel 10P9 x2,3 L\u00e4nge 120<br \/>\n1 Zugr\u00e4umnadel D10 x2,3 L\u00e4nge 124<\/p>\n","protected":false},"featured_media":556,"template":"","meta":[],"product_brand":[],"product_cat":[46],"product_tag":[91],"class_list":{"0":"post-555","1":"product","2":"type-product","3":"status-publish","4":"has-post-thumbnail","6":"product_cat-zubehoer","7":"product_tag-raeumnadel","9":"first","10":"instock","11":"shipping-taxable","12":"product-type-simple"},"_links":{"self":[{"href":"https:\/\/www.werkzeugmaschinen-stefan.com\/index.php?rest_route=\/wp\/v2\/product\/555","targetHints":{"allow":["GET"]}}],"collection":[{"href":"https:\/\/www.werkzeugmaschinen-stefan.com\/index.php?rest_route=\/wp\/v2\/product"}],"about":[{"href":"https:\/\/www.werkzeugmaschinen-stefan.com\/index.php?rest_route=\/wp\/v2\/types\/product"}],"wp:featuredmedia":[{"embeddable":true,"href":"https:\/\/www.werkzeugmaschinen-stefan.com\/index.php?rest_route=\/wp\/v2\/media\/556"}],"wp:attachment":[{"href":"https:\/\/www.werkzeugmaschinen-stefan.com\/index.php?rest_route=%2Fwp%2Fv2%2Fmedia&parent=555"}],"wp:term":[{"taxonomy":"product_brand","embeddable":true,"href":"https:\/\/www.werkzeugmaschinen-stefan.com\/index.php?rest_route=%2Fwp%2Fv2%2Fproduct_brand&post=555"},{"taxonomy":"product_cat","embeddable":true,"href":"https:\/\/www.werkzeugmaschinen-stefan.com\/index.php?rest_route=%2Fwp%2Fv2%2Fproduct_cat&post=555"},{"taxonomy":"product_tag","embeddable":true,"href":"https:\/\/www.werkzeugmaschinen-stefan.com\/index.php?rest_route=%2Fwp%2Fv2%2Fproduct_tag&post=555"}],"curies":[{"name":"wp","href":"https:\/\/api.w.org\/{rel}","templated":true}]}}